{"id":145,"date":"2023-11-06T18:48:06","date_gmt":"2023-11-06T17:48:06","guid":{"rendered":"https:\/\/formato.drimdesign.es\/?page_id=145"},"modified":"2023-12-11T19:56:47","modified_gmt":"2023-12-11T18:56:47","slug":"reforma-de-banos","status":"publish","type":"page","link":"https:\/\/formato.drimdesign.es\/index.php\/reforma-de-banos\/","title":{"rendered":"Reforma de Ba\u00f1os"},"content":{"rendered":"<p>[et_pb_section fb_built=&#8221;1&#8243; _builder_version=&#8221;4.23.1&#8243; _module_preset=&#8221;default&#8221; background_image=&#8221;https:\/\/formato.drimdesign.es\/wp-content\/uploads\/2023\/11\/hermoso-interior-bano-moderno-scaled.jpg&#8221; min_height=&#8221;542.9px&#8221; custom_margin=&#8221;||0px||false|false&#8221; custom_padding=&#8221;0px||0px||false|false&#8221; global_colors_info=&#8221;{}&#8221;][et_pb_row _builder_version=&#8221;4.16&#8243; _module_preset=&#8221;default&#8221; global_colors_info=&#8221;{}&#8221;][et_pb_column type=&#8221;4_4&#8243; _builder_version=&#8221;4.16&#8243; _module_preset=&#8221;default&#8221; global_colors_info=&#8221;{}&#8221;][et_pb_text _builder_version=&#8221;4.16&#8243; _module_preset=&#8221;default&#8221; header_font=&#8221;|700|||||||&#8221; header_text_color=&#8221;#F0CF12&#8243; header_font_size=&#8221;40px&#8221; header_letter_spacing=&#8221;11px&#8221; header_line_height=&#8221;2em&#8221; transform_translate=&#8221;-60px|282px&#8221; min_height=&#8221;120px&#8221; custom_margin=&#8221;0px||||false|false&#8221; custom_padding=&#8221;13px||||false|false&#8221; global_colors_info=&#8221;{}&#8221;]<\/p>\n<h1>Reformas de Ba\u00f1os<\/h1>\n<p>[\/et_pb_text][\/et_pb_column][\/et_pb_row][\/et_pb_section][et_pb_section fb_built=&#8221;1&#8243; _builder_version=&#8221;4.23.1&#8243; _module_preset=&#8221;default&#8221; background_color=&#8221;rgba(214,214,214,0.34)&#8221; global_colors_info=&#8221;{}&#8221;][et_pb_row _builder_version=&#8221;4.23.1&#8243; _module_preset=&#8221;default&#8221; global_colors_info=&#8221;{}&#8221;][et_pb_column type=&#8221;4_4&#8243; _builder_version=&#8221;4.23.1&#8243; _module_preset=&#8221;default&#8221; global_colors_info=&#8221;{}&#8221;][et_pb_text _builder_version=&#8221;4.23.1&#8243; _module_preset=&#8221;default&#8221; header_3_text_align=&#8221;justify&#8221; header_3_line_height=&#8221;2em&#8221; custom_padding=&#8221;|20px||20px|false|true&#8221; global_colors_info=&#8221;{}&#8221;]<\/p>\n<h3><span>Con\u00a0<\/span><strong>Proyectos y Reformas BETNER<\/strong><span>\u00a0<\/span><strong>en Madrid<span>\u00a0<\/span><\/strong><span>descubrir\u00e1s los secretos de una buena\u00a0<\/span><strong>reforma en tu ba\u00f1o<\/strong><span>\u00a0y conseguir\u00e1s los mejores precios y calidades, con los mejores profesionales y las m\u00e1ximas garant\u00edas.<\/span><\/h3>\n<p>[\/et_pb_text][et_pb_text _builder_version=&#8221;4.23.1&#8243; _module_preset=&#8221;default&#8221; header_3_text_align=&#8221;justify&#8221; header_3_line_height=&#8221;2em&#8221; custom_padding=&#8221;|20px||20px|false|true&#8221; global_colors_info=&#8221;{}&#8221;]<\/p>\n<header class=\"entry-header responsive-max-width\"><\/header>\n<div class=\"entry-content\">\n<h3>Llevamos realizadas muchas\u00a0reformas de ba\u00f1os. Contamos con m\u00e1s de\u00a0<strong><span>\u00a0<\/span>25 a\u00f1os de experiencia en el sector<\/strong>\u00a0lo que nos permite ofrecer el mejor servicio posible. Estamos aqu\u00ed para ayudarte a encontrar lo que m\u00e1s te convenga y asesorarte para que saques el m\u00e1ximo partido a la\u00a0<strong>reforma de tu ba\u00f1o<\/strong>.<\/h3>\n<\/div>\n<p>[\/et_pb_text][\/et_pb_column][\/et_pb_row][\/et_pb_section][et_pb_section fb_built=&#8221;1&#8243; _builder_version=&#8221;4.23.1&#8243; _module_preset=&#8221;default&#8221; global_colors_info=&#8221;{}&#8221;][et_pb_row column_structure=&#8221;1_2,1_2&#8243; _builder_version=&#8221;4.23.1&#8243; _module_preset=&#8221;default&#8221; global_colors_info=&#8221;{}&#8221;][et_pb_column type=&#8221;1_2&#8243; _builder_version=&#8221;4.23.1&#8243; _module_preset=&#8221;default&#8221; global_colors_info=&#8221;{}&#8221;][et_pb_image src=&#8221;https:\/\/formato.drimdesign.es\/wp-content\/uploads\/2023\/11\/viejo-bano-abandonado_615433-5785.jpg&#8221; title_text=&#8221;viejo-bano-abandonado_615433-5785&#8243; _builder_version=&#8221;4.23.1&#8243; _module_preset=&#8221;default&#8221; transform_translate=&#8221;75px|0px&#8221; transform_translate_linked=&#8221;off&#8221; transform_rotate=&#8221;0deg|0deg|5deg&#8221; max_width=&#8221;90%&#8221; min_height=&#8221;343px&#8221; height=&#8221;372px&#8221; border_width_all=&#8221;10px&#8221; border_color_all=&#8221;#B3B3B3&#8243; global_colors_info=&#8221;{}&#8221;][\/et_pb_image][\/et_pb_column][et_pb_column type=&#8221;1_2&#8243; _builder_version=&#8221;4.23.1&#8243; _module_preset=&#8221;default&#8221; global_colors_info=&#8221;{}&#8221;][et_pb_image src=&#8221;https:\/\/formato.drimdesign.es\/wp-content\/uploads\/2023\/11\/bano-pequeno-estilo-moderno-generado-ai-con-ventana-scaled.jpg&#8221; title_text=&#8221;bano-pequeno-estilo-moderno-generado-ai con ventana&#8221; _builder_version=&#8221;4.23.1&#8243; _module_preset=&#8221;default&#8221; transform_translate=&#8221;-67px|-22px&#8221; transform_translate_linked=&#8221;off&#8221; transform_rotate=&#8221;0deg|0deg|349deg&#8221; z_index=&#8221;1&#8243; height=&#8221;368px&#8221; max_height=&#8221;372px&#8221; border_width_all=&#8221;10px&#8221; border_color_all=&#8221;#D6D6D6&#8243; global_colors_info=&#8221;{}&#8221;][\/et_pb_image][et_pb_text _builder_version=&#8221;4.23.1&#8243; _module_preset=&#8221;default&#8221; background_color=&#8221;#F0CF12&#8243; width=&#8221;10%&#8221; border_radii=&#8221;on|100px|100px|100px|100px&#8221; max_width=&#8221;5%&#8221; positioning=&#8221;absolute&#8221; z_index=&#8221;2&#8243; vertical_offset=&#8221;12px&#8221; horizontal_offset=&#8221;-52px&#8221; hover_enabled=&#8221;0&#8243; sticky_enabled=&#8221;0&#8243; box_shadow_style=&#8221;preset2&#8243; box_shadow_horizontal=&#8221;3px&#8221; box_shadow_vertical=&#8221;8px&#8221; box_shadow_color=&#8221;#F0CF12&#8243;][\/et_pb_text][\/et_pb_column][\/et_pb_row][\/et_pb_section][et_pb_section fb_built=&#8221;1&#8243; _builder_version=&#8221;4.23.1&#8243; _module_preset=&#8221;default&#8221; background_color=&#8221;rgba(214,214,214,0.13)&#8221; hover_enabled=&#8221;0&#8243; global_colors_info=&#8221;{}&#8221; border_width_top=&#8221;1px&#8221; border_color_top=&#8221;rgba(0,0,0,0.18)&#8221; border_width_bottom=&#8221;1px&#8221; border_color_bottom=&#8221;rgba(0,0,0,0.13)&#8221; sticky_enabled=&#8221;0&#8243;][et_pb_row _builder_version=&#8221;4.23.1&#8243; _module_preset=&#8221;default&#8221; global_colors_info=&#8221;{}&#8221;][et_pb_column type=&#8221;4_4&#8243; _builder_version=&#8221;4.23.1&#8243; _module_preset=&#8221;default&#8221; global_colors_info=&#8221;{}&#8221;][et_pb_text _builder_version=&#8221;4.23.1&#8243; _module_preset=&#8221;default&#8221; header_3_text_align=&#8221;justify&#8221; header_3_line_height=&#8221;2em&#8221; custom_padding=&#8221;|20px||20px|false|true&#8221; global_colors_info=&#8221;{}&#8221;]<\/p>\n<h3><strong>Reformar tu cuarto de ba\u00f1o<\/strong><span>, nunca hab\u00eda sido tan f\u00e1cil. Ahora est\u00e1 a tu alcance con los mejores profesionales y con las m\u00e1ximas garant\u00edas\u00a0<\/span><strong>\u00a1P\u00eddenos un presupuesto!<\/strong><span>\u00a0y proyecto sin ning\u00fan tipo de compromiso. Un t\u00e9cnico especialista se pondr\u00e1 en contacto contigo, para que nos cuentes qu\u00e9 necesitas.<\/span><\/h3>\n<p>[\/et_pb_text][et_pb_text _builder_version=&#8221;4.23.1&#8243; _module_preset=&#8221;default&#8221; header_3_text_align=&#8221;justify&#8221; header_3_line_height=&#8221;2em&#8221; custom_padding=&#8221;|20px||20px|false|true&#8221; global_colors_info=&#8221;{}&#8221;]<\/p>\n<h3><span>Te presentaremos un\u00a0<\/span><strong>proyecto\/presupuesto,<\/strong><span>\u00a0acorde a tus necesidades y estilo de vida. Recuerda que\u00a0<\/span><strong>Proyectos y Reformas BETNER<\/strong><span>\u00a0te ofrece una relacci\u00f3n calidad precio inmejorable.<\/span><\/h3>\n<p>[\/et_pb_text][et_pb_text _builder_version=&#8221;4.23.1&#8243; _module_preset=&#8221;default&#8221; header_3_text_align=&#8221;justify&#8221; header_3_line_height=&#8221;2em&#8221; custom_padding=&#8221;|20px||20px|false|true&#8221; global_colors_info=&#8221;{}&#8221;]<\/p>\n<h3><span>Ejecutamos la reforma de tu ba\u00f1o sin l\u00edos ni complicaciones, en el plazo acordado, al mejor precio y con total garant\u00eda. Combinamos tus gustos y preferencias con la mejor calidad a los mejores precios.\u00a0<\/span><strong>Reformamos tu ba\u00f1o seg\u00fan tu estilo<\/strong><span>, tus necesidades y tus posibilidades.<\/span><\/h3>\n<p>[\/et_pb_text][et_pb_text _builder_version=&#8221;4.23.1&#8243; _module_preset=&#8221;default&#8221; header_3_text_align=&#8221;justify&#8221; header_3_line_height=&#8221;2em&#8221; custom_padding=&#8221;|20px||20px|false|true&#8221; global_colors_info=&#8221;{}&#8221;]<\/p>\n<h3><strong>Proyectos y Reformas BETNER Madrid\u00a0<\/strong><span>te ofrece siempre las mejores propuestas, instalaciones, dise\u00f1os y reformas de ba\u00f1o, con calidad, rapidez y servicio profesional. Las mejores ofertas, a los mejores precios.<\/span><\/h3>\n<p>[\/et_pb_text][\/et_pb_column][\/et_pb_row][\/et_pb_section][et_pb_section fb_built=&#8221;1&#8243; _builder_version=&#8221;4.23.1&#8243; _module_preset=&#8221;default&#8221; custom_padding=&#8221;2px|||||&#8221; global_colors_info=&#8221;{}&#8221;][et_pb_row _builder_version=&#8221;4.23.1&#8243; _module_preset=&#8221;default&#8221; custom_padding=&#8221;50px||0px||false|false&#8221; hover_enabled=&#8221;0&#8243; global_colors_info=&#8221;{}&#8221; sticky_enabled=&#8221;0&#8243;][et_pb_column type=&#8221;4_4&#8243; _builder_version=&#8221;4.23.1&#8243; _module_preset=&#8221;default&#8221; global_colors_info=&#8221;{}&#8221;][et_pb_text _builder_version=&#8221;4.23.1&#8243; _module_preset=&#8221;default&#8221; header_font=&#8221;|800|||||||&#8221; header_text_color=&#8221;#D89000&#8243; custom_margin=&#8221;-8px||||false|false&#8221; custom_padding=&#8221;|20px||20px|false|true&#8221; global_colors_info=&#8221;{}&#8221;]<\/p>\n<h1>CAMBIO DE BA\u00d1ERA POR DUCHA<\/h1>\n<p>[\/et_pb_text][et_pb_text _builder_version=&#8221;4.23.1&#8243; _module_preset=&#8221;default&#8221; custom_padding=&#8221;|20px||20px|false|true&#8221; global_colors_info=&#8221;{}&#8221;]<\/p>\n<h3><em>Comodidad \/ seguridad \/ dise\u00f1o.<\/em><\/h3>\n<p>[\/et_pb_text][et_pb_text _builder_version=&#8221;4.23.1&#8243; _module_preset=&#8221;default&#8221; header_3_text_align=&#8221;justify&#8221; header_3_line_height=&#8221;2em&#8221; custom_padding=&#8221;|20px||20px|false|true&#8221; global_colors_info=&#8221;{}&#8221;]<\/p>\n<h3><span>Cada d\u00eda son m\u00e1s los clientes que nos solicitan un\u00a0<\/span><strong>cambio de ba\u00f1era por ducha<\/strong><span>. Ya sea por\u00a0<\/span><strong>seguridad<\/strong><span>\u00a0para personas mayores y con movilidad reducida, buscando un mejor acceso a la ducha. Por\u00a0<\/span><strong>comodidad<\/strong><span>\u00a0para personas que no utilizan la ba\u00f1era y quieren un espacio m\u00e1s amplio y c\u00f3modo. O simplemente por\u00a0<\/span><strong>dise\u00f1o<\/strong><span>\u00a0para darle un toque diferente y de amplitud a su ba\u00f1o.\u00a0Realizamos este tipo de obras con gran rapidez y sin muchas molestia para los clientes, para cuando te des cuenta no tendr\u00e1s ba\u00f1era y si una c\u00f3moda ducha.<\/span><\/h3>\n<p>[\/et_pb_text][et_pb_image src=&#8221;https:\/\/formato.drimdesign.es\/wp-content\/uploads\/2023\/11\/DUCHA-scaled.jpg&#8221; title_text=&#8221;DUCHA&#8221; align=&#8221;center&#8221; force_fullwidth=&#8221;on&#8221; _builder_version=&#8221;4.23.1&#8243; _module_preset=&#8221;default&#8221; min_height=&#8221;100px&#8221; height=&#8221;1000px&#8221; max_height=&#8221;479px&#8221; custom_padding=&#8221;||0px|||&#8221; global_colors_info=&#8221;{}&#8221;][\/et_pb_image][et_pb_text _builder_version=&#8221;4.23.1&#8243; _module_preset=&#8221;default&#8221; header_3_text_align=&#8221;justify&#8221; header_3_line_height=&#8221;2em&#8221; custom_padding=&#8221;|20px||20px|false|true&#8221; global_colors_info=&#8221;{}&#8221;]<\/p>\n<h3><em>Reforma tu ba\u00f1o como quieras, realizamos todo tipo de renovaciones con posibilidades de elegir cada uno de los detalles del ba\u00f1o:<\/em><\/h3>\n<p>[\/et_pb_text][et_pb_text _builder_version=&#8221;4.23.1&#8243; _module_preset=&#8221;default&#8221; custom_padding=&#8221;|30px||30px|false|true&#8221; global_colors_info=&#8221;{}&#8221;]<\/p>\n<ul>\n<li>\n<h3>Cer\u00e1micas.<\/h3>\n<\/li>\n<li>\n<h3>Grifer\u00eda.<\/h3>\n<\/li>\n<li>\n<h3>Columnas y duchas.<\/h3>\n<\/li>\n<li>\n<h3>Muebles de ba\u00f1o.<\/h3>\n<\/li>\n<li>\n<h3>Accesorios de ba\u00f1o.<\/h3>\n<\/li>\n<li>\n<h3>Mamparas de ba\u00f1o.<\/h3>\n<\/li>\n<li>\n<h3>Platos de ducha.<\/h3>\n<\/li>\n<li>\n<h3>Iluminaci\u00f3n y electricidad.<\/h3>\n<\/li>\n<li>\n<h3>Sanitarios.<\/h3>\n<\/li>\n<li>\n<h3>Puertas.<\/h3>\n<\/li>\n<li>\n<h3>Radiadores.<\/h3>\n<\/li>\n<li>\n<h3>Pintura.<\/h3>\n<\/li>\n<li>\n<h3>Cisternas empotradas.<\/h3>\n<\/li>\n<li>\n<h3>Espejos<\/h3>\n<\/li>\n<\/ul>\n<p>[\/et_pb_text][et_pb_menu _builder_version=&#8221;4.23.1&#8243; _module_preset=&#8221;default&#8221; global_colors_info=&#8221;{}&#8221;][\/et_pb_menu][\/et_pb_column][\/et_pb_row][\/et_pb_section]<\/p>\n","protected":false},"excerpt":{"rendered":"<p>Reformas de Ba\u00f1osCon\u00a0Proyectos y Reformas BETNER\u00a0en Madrid\u00a0descubrir\u00e1s los secretos de una buena\u00a0reforma en tu ba\u00f1o\u00a0y conseguir\u00e1s los mejores precios y calidades, con los mejores profesionales y las m\u00e1ximas garant\u00edas. Llevamos realizadas muchas\u00a0reformas de ba\u00f1os. Contamos con m\u00e1s de\u00a0\u00a025 a\u00f1os de experiencia en el sector\u00a0lo que nos permite ofrecer el mejor servicio posible. Estamos aqu\u00ed para [&hellip;]<\/p>\n","protected":false},"author":1,"featured_media":0,"parent":0,"menu_order":0,"comment_status":"closed","ping_status":"closed","template":"","meta":{"_et_pb_use_builder":"on","_et_pb_old_content":"","_et_gb_content_width":"","footnotes":""},"_links":{"self":[{"href":"https:\/\/formato.drimdesign.es\/index.php\/wp-json\/wp\/v2\/pages\/145"}],"collection":[{"href":"https:\/\/formato.drimdesign.es\/index.php\/wp-json\/wp\/v2\/pages"}],"about":[{"href":"https:\/\/formato.drimdesign.es\/index.php\/wp-json\/wp\/v2\/types\/page"}],"author":[{"embeddable":true,"href":"https:\/\/formato.drimdesign.es\/index.php\/wp-json\/wp\/v2\/users\/1"}],"replies":[{"embeddable":true,"href":"https:\/\/formato.drimdesign.es\/index.php\/wp-json\/wp\/v2\/comments?post=145"}],"version-history":[{"count":11,"href":"https:\/\/formato.drimdesign.es\/index.php\/wp-json\/wp\/v2\/pages\/145\/revisions"}],"predecessor-version":[{"id":232,"href":"https:\/\/formato.drimdesign.es\/index.php\/wp-json\/wp\/v2\/pages\/145\/revisions\/232"}],"wp:attachment":[{"href":"https:\/\/formato.drimdesign.es\/index.php\/wp-json\/wp\/v2\/media?parent=145"}],"curies":[{"name":"wp","href":"https:\/\/api.w.org\/{rel}","templated":true}]}}