{"id":143,"date":"2023-11-06T18:47:49","date_gmt":"2023-11-06T17:47:49","guid":{"rendered":"https:\/\/formato.drimdesign.es\/?page_id=143"},"modified":"2023-12-11T19:43:00","modified_gmt":"2023-12-11T18:43:00","slug":"reforma-de-cocinas","status":"publish","type":"page","link":"https:\/\/formato.drimdesign.es\/index.php\/reforma-de-cocinas\/","title":{"rendered":"Reforma de Cocinas"},"content":{"rendered":"<p>[et_pb_section fb_built=&#8221;1&#8243; _builder_version=&#8221;4.16&#8243; _module_preset=&#8221;default&#8221; background_image=&#8221;https:\/\/formato.drimdesign.es\/wp-content\/uploads\/2023\/11\/b2086-kitchen-stove-sink-kitchen-counter-349749.jpeg&#8221; min_height=&#8221;542.9px&#8221; custom_margin=&#8221;||0px||false|false&#8221; custom_padding=&#8221;0px||0px||false|false&#8221; global_colors_info=&#8221;{}&#8221;][et_pb_row _builder_version=&#8221;4.16&#8243; _module_preset=&#8221;default&#8221; global_colors_info=&#8221;{}&#8221;][et_pb_column type=&#8221;4_4&#8243; _builder_version=&#8221;4.16&#8243; _module_preset=&#8221;default&#8221; global_colors_info=&#8221;{}&#8221;][et_pb_text _builder_version=&#8221;4.16&#8243; _module_preset=&#8221;default&#8221; header_font=&#8221;|700|||||||&#8221; header_text_color=&#8221;#F0CF12&#8243; header_font_size=&#8221;40px&#8221; header_letter_spacing=&#8221;11px&#8221; header_line_height=&#8221;2em&#8221; transform_translate=&#8221;-60px|282px&#8221; min_height=&#8221;120px&#8221; custom_margin=&#8221;0px||||false|false&#8221; custom_padding=&#8221;13px||||false|false&#8221; global_colors_info=&#8221;{}&#8221;]<\/p>\n<h1>Reformas de cocinas<\/h1>\n<p>[\/et_pb_text][\/et_pb_column][\/et_pb_row][\/et_pb_section][et_pb_section fb_built=&#8221;1&#8243; _builder_version=&#8221;4.16&#8243; _module_preset=&#8221;default&#8221; global_colors_info=&#8221;{}&#8221;][et_pb_row _builder_version=&#8221;4.16&#8243; _module_preset=&#8221;default&#8221; global_colors_info=&#8221;{}&#8221;][et_pb_column type=&#8221;4_4&#8243; _builder_version=&#8221;4.16&#8243; _module_preset=&#8221;default&#8221; global_colors_info=&#8221;{}&#8221;][et_pb_text _builder_version=&#8221;4.16&#8243; _module_preset=&#8221;default&#8221; header_4_text_align=&#8221;justify&#8221; header_4_font_size=&#8221;20px&#8221; header_4_letter_spacing=&#8221;2px&#8221; header_4_line_height=&#8221;2.4em&#8221; custom_padding=&#8221;|20px||20px|false|true&#8221; global_colors_info=&#8221;{}&#8221;]<\/p>\n<h4>Sin lugar a dudas la cocina es uno de los lugares m\u00e1s importantes de la casa. Si estas pensando en\u00a0reformar o renovar tu cocina, nuestros\u00a0asesores en interiorismo y cocinas podr\u00e1n ayudarte y asesorarte sobre tus necesidades en la\u00a0reforma de tu cocina. Desde la toma de medidas y distribuci\u00f3n m\u00e1s eficaz, hasta la elecci\u00f3n de los materiales y todos los elementos necesarios para su nueva cocina.<\/h4>\n<ul>\n<li>\n<h4>Asesoramiento en la decoraci\u00f3n de su cocina.\u00a0Dise\u00f1o previo.<\/h4>\n<\/li>\n<li>\n<h4>Muebles: Buscamos los materiales que m\u00e1s se ajusten para que su cocina sea \u00fanica.<\/h4>\n<\/li>\n<li>\n<h4>Electrodom\u00e9sticos: Transportamos y los instalamos en su cocina.<\/h4>\n<\/li>\n<li>\n<h4>Espacio: distribuimos el espacio de su cocina para que sea m\u00e1s amplia y pr\u00e1ctica.<\/h4>\n<\/li>\n<\/ul>\n<p>[\/et_pb_text][\/et_pb_column][\/et_pb_row][\/et_pb_section][et_pb_section fb_built=&#8221;1&#8243; _builder_version=&#8221;4.23.1&#8243; _module_preset=&#8221;default&#8221; background_enable_color=&#8221;off&#8221; global_colors_info=&#8221;{}&#8221;][et_pb_row column_structure=&#8221;1_2,1_2&#8243; _builder_version=&#8221;4.23.1&#8243; _module_preset=&#8221;default&#8221; custom_margin=&#8221;|auto|-104px|auto||&#8221; global_colors_info=&#8221;{}&#8221;][et_pb_column type=&#8221;1_2&#8243; _builder_version=&#8221;4.23.1&#8243; _module_preset=&#8221;default&#8221; hover_enabled=&#8221;0&#8243; global_colors_info=&#8221;{}&#8221; sticky_enabled=&#8221;0&#8243;][et_pb_image src=&#8221;https:\/\/formato.drimdesign.es\/wp-content\/uploads\/2023\/11\/cocina-antes.jpg&#8221; title_text=&#8221;cocina antes&#8221; _builder_version=&#8221;4.23.1&#8243; _module_preset=&#8221;default&#8221; transform_translate=&#8221;3px|-34px&#8221; transform_translate_linked=&#8221;off&#8221; transform_rotate=&#8221;0deg|0deg|8deg&#8221; custom_padding=&#8221;||0px|||&#8221; border_width_all=&#8221;10px&#8221; border_color_all=&#8221;#D6D6D6&#8243; global_colors_info=&#8221;{}&#8221;][\/et_pb_image][et_pb_text _builder_version=&#8221;4.23.1&#8243; _module_preset=&#8221;default&#8221; background_color=&#8221;#F0CF12&#8243; transform_scale=&#8221;143%|143%&#8221; transform_translate=&#8221;349px|-428px&#8221; transform_translate_linked=&#8221;off&#8221; z_index=&#8221;2&#8243; text_orientation=&#8221;justified&#8221; width=&#8221;5%&#8221; max_width=&#8221;85%&#8221; min_height=&#8221;9px&#8221; hover_enabled=&#8221;0&#8243; border_radii=&#8221;on|100px|100px|100px|100px&#8221; border_color_all=&#8221;#F0CF12&#8243; global_colors_info=&#8221;{}&#8221; sticky_enabled=&#8221;0&#8243;][\/et_pb_text][\/et_pb_column][et_pb_column type=&#8221;1_2&#8243; _builder_version=&#8221;4.23.1&#8243; _module_preset=&#8221;default&#8221; z_index=&#8221;1&#8243; global_colors_info=&#8221;{}&#8221;][et_pb_image src=&#8221;https:\/\/formato.drimdesign.es\/wp-content\/uploads\/2023\/11\/cocina-despues.jpg&#8221; title_text=&#8221;cocina despues&#8221; _builder_version=&#8221;4.23.1&#8243; _module_preset=&#8221;default&#8221; transform_scale=&#8221;98%|98%&#8221; transform_translate=&#8221;-45px|-34px&#8221; transform_rotate=&#8221;0deg|0deg|-10deg&#8221; z_index=&#8221;1&#8243; border_width_all=&#8221;10px&#8221; border_color_all=&#8221;#D6D6D6&#8243; global_colors_info=&#8221;{}&#8221;][\/et_pb_image][\/et_pb_column][\/et_pb_row][\/et_pb_section][et_pb_section fb_built=&#8221;1&#8243; _builder_version=&#8221;4.16&#8243; _module_preset=&#8221;default&#8221; custom_padding=&#8221;||5px|||&#8221; global_colors_info=&#8221;{}&#8221;][et_pb_row _builder_version=&#8221;4.16&#8243; _module_preset=&#8221;default&#8221; global_colors_info=&#8221;{}&#8221;][et_pb_column type=&#8221;4_4&#8243; _builder_version=&#8221;4.16&#8243; _module_preset=&#8221;default&#8221; global_colors_info=&#8221;{}&#8221;][et_pb_text _builder_version=&#8221;4.16&#8243; _module_preset=&#8221;default&#8221; header_4_text_align=&#8221;justify&#8221; header_4_font_size=&#8221;20px&#8221; header_4_letter_spacing=&#8221;2px&#8221; header_4_line_height=&#8221;2.4em&#8221; custom_padding=&#8221;|20px||20px|false|true&#8221; global_colors_info=&#8221;{}&#8221;]<\/p>\n<h4><strong>Proyectos y Reformas BETNER Madrid\u00a0<\/strong>crea espacios para la convivencia y la actividad, llenos de vida\u2026 las opciones de dise\u00f1o son casi infinitas. Estamos a tu disposici\u00f3n. Los gustos y los estilos de vida de cada cliente nos motivan constantemente y nos inspiran.<\/h4>\n<h4>El proyecto de una cocina debe ser cuidadosamente dise\u00f1ado y elaborado, por expertos profesionales\u00a0que os ayuden a identificar vuestras necesidades de una forma eficaz y a buen precio.<\/h4>\n<h4>En<strong><span>\u00a0<\/span>Proyectos y Reformas BETNER Madrid<span>\u00a0<\/span><\/strong>creemos que una\u00a0cocina\u00a0es mucho m\u00e1s que un proyecto de reforma y la instalaci\u00f3n de muebles, electrodom\u00e9sticos y encimeras.<\/h4>\n<p>[\/et_pb_text][\/et_pb_column][\/et_pb_row][\/et_pb_section][et_pb_section fb_built=&#8221;1&#8243; _builder_version=&#8221;4.23.1&#8243; _module_preset=&#8221;default&#8221; custom_padding=&#8221;||0px|||&#8221; global_colors_info=&#8221;{}&#8221;][et_pb_row _builder_version=&#8221;4.23.1&#8243; _module_preset=&#8221;default&#8221; custom_padding=&#8221;||4px|||&#8221; global_colors_info=&#8221;{}&#8221;][et_pb_column type=&#8221;4_4&#8243; _builder_version=&#8221;4.23.1&#8243; _module_preset=&#8221;default&#8221; global_colors_info=&#8221;{}&#8221;][et_pb_divider _builder_version=&#8221;4.23.1&#8243; _module_preset=&#8221;default&#8221; custom_margin=&#8221;-50px||0px||false|false&#8221; custom_padding=&#8221;0px||||false|false&#8221; global_colors_info=&#8221;{}&#8221;][\/et_pb_divider][\/et_pb_column][\/et_pb_row][\/et_pb_section][et_pb_section fb_built=&#8221;1&#8243; _builder_version=&#8221;4.16&#8243; _module_preset=&#8221;default&#8221; custom_padding=&#8221;1px||5px|||&#8221; global_colors_info=&#8221;{}&#8221;][et_pb_row _builder_version=&#8221;4.16&#8243; _module_preset=&#8221;default&#8221; global_colors_info=&#8221;{}&#8221;][et_pb_column type=&#8221;4_4&#8243; _builder_version=&#8221;4.16&#8243; _module_preset=&#8221;default&#8221; global_colors_info=&#8221;{}&#8221;][et_pb_text _builder_version=&#8221;4.16&#8243; _module_preset=&#8221;default&#8221; header_4_text_align=&#8221;justify&#8221; header_4_font_size=&#8221;20px&#8221; header_4_letter_spacing=&#8221;2px&#8221; header_4_line_height=&#8221;2.4em&#8221; custom_padding=&#8221;|20px||20px|false|true&#8221; global_colors_info=&#8221;{}&#8221;]<\/p>\n<h4><span>Antes de comenzar una obra\u00a0protegemos\u00a0las parte de de la casa por las que vamos a transitar, de ese modo causamos las m\u00ednimas molestias y sin ensuciar su domicilio. En el caso de\u00a0reformar una cocina, protegeremos el pasillo de su casa y taparemos las partes mas cercanas a su cocina para no ensuciar de polvo el resto de la casa.<\/span><\/h4>\n<p>[\/et_pb_text][\/et_pb_column][\/et_pb_row][\/et_pb_section][et_pb_section fb_built=&#8221;1&#8243; _builder_version=&#8221;4.16&#8243; _module_preset=&#8221;default&#8221; custom_padding=&#8221;9px||0px|||&#8221; global_colors_info=&#8221;{}&#8221;][et_pb_row _builder_version=&#8221;4.16&#8243; _module_preset=&#8221;default&#8221; global_colors_info=&#8221;{}&#8221;][et_pb_column type=&#8221;4_4&#8243; _builder_version=&#8221;4.16&#8243; _module_preset=&#8221;default&#8221; global_colors_info=&#8221;{}&#8221;][et_pb_text _builder_version=&#8221;4.16&#8243; _module_preset=&#8221;default&#8221; text_font_size=&#8221;18px&#8221; text_letter_spacing=&#8221;2px&#8221; text_line_height=&#8221;1em&#8221; header_4_text_align=&#8221;justify&#8221; header_4_font_size=&#8221;20px&#8221; header_4_letter_spacing=&#8221;2px&#8221; header_4_line_height=&#8221;2.4em&#8221; custom_margin=&#8221;-50px||||false|false&#8221; custom_padding=&#8221;|100px||100px|false|true&#8221; global_colors_info=&#8221;{}&#8221;]<\/p>\n<ol>\n<li>Trabajos a realizar.<\/li>\n<li>Demolici\u00f3n de muros.<\/li>\n<li>Fontaner\u00eda y grifer\u00eda.<\/li>\n<li>Calefacci\u00f3n y Gas.<\/li>\n<li>Montaje de muebles.<\/li>\n<li>Instalaci\u00f3n de Encimeras.<\/li>\n<li>Iluminaci\u00f3n de la cocina.<\/li>\n<li>Instalaci\u00f3n electrodom\u00e9sticos.<\/li>\n<li>Enchufes.<\/li>\n<li>Puertas correderas<\/li>\n<li>Ventanas y climatizaci\u00f3n.<\/li>\n<li>Azulejos y Baldosas.<\/li>\n<li>Trabajos de Pladur y escayola.<\/li>\n<\/ol>\n<p>[\/et_pb_text][\/et_pb_column][\/et_pb_row][\/et_pb_section]<\/p>\n","protected":false},"excerpt":{"rendered":"<p>Reformas de cocinasSin lugar a dudas la cocina es uno de los lugares m\u00e1s importantes de la casa. Si estas pensando en\u00a0reformar o renovar tu cocina, nuestros\u00a0asesores en interiorismo y cocinas podr\u00e1n ayudarte y asesorarte sobre tus necesidades en la\u00a0reforma de tu cocina. Desde la toma de medidas y distribuci\u00f3n m\u00e1s eficaz, hasta la elecci\u00f3n [&hellip;]<\/p>\n","protected":false},"author":1,"featured_media":0,"parent":0,"menu_order":0,"comment_status":"closed","ping_status":"closed","template":"","meta":{"_et_pb_use_builder":"on","_et_pb_old_content":"<!-- wp:divi\/placeholder \/-->","_et_gb_content_width":"","footnotes":""},"_links":{"self":[{"href":"https:\/\/formato.drimdesign.es\/index.php\/wp-json\/wp\/v2\/pages\/143"}],"collection":[{"href":"https:\/\/formato.drimdesign.es\/index.php\/wp-json\/wp\/v2\/pages"}],"about":[{"href":"https:\/\/formato.drimdesign.es\/index.php\/wp-json\/wp\/v2\/types\/page"}],"author":[{"embeddable":true,"href":"https:\/\/formato.drimdesign.es\/index.php\/wp-json\/wp\/v2\/users\/1"}],"replies":[{"embeddable":true,"href":"https:\/\/formato.drimdesign.es\/index.php\/wp-json\/wp\/v2\/comments?post=143"}],"version-history":[{"count":14,"href":"https:\/\/formato.drimdesign.es\/index.php\/wp-json\/wp\/v2\/pages\/143\/revisions"}],"predecessor-version":[{"id":230,"href":"https:\/\/formato.drimdesign.es\/index.php\/wp-json\/wp\/v2\/pages\/143\/revisions\/230"}],"wp:attachment":[{"href":"https:\/\/formato.drimdesign.es\/index.php\/wp-json\/wp\/v2\/media?parent=143"}],"curies":[{"name":"wp","href":"https:\/\/api.w.org\/{rel}","templated":true}]}}