{"id":141,"date":"2023-11-06T18:47:17","date_gmt":"2023-11-06T17:47:17","guid":{"rendered":"https:\/\/formato.drimdesign.es\/?page_id=141"},"modified":"2023-11-13T20:15:20","modified_gmt":"2023-11-13T19:15:20","slug":"reformas-integrales","status":"publish","type":"page","link":"https:\/\/formato.drimdesign.es\/index.php\/reformas-integrales\/","title":{"rendered":"Reformas Integrales"},"content":{"rendered":"<p>[et_pb_section fb_built=&#8221;1&#8243; _builder_version=&#8221;4.16&#8243; _module_preset=&#8221;default&#8221; background_image=&#8221;https:\/\/formato.drimdesign.es\/wp-content\/uploads\/2023\/11\/casa-3d-decoracion-scaled.jpg&#8221; min_height=&#8221;542.9px&#8221; custom_padding=&#8221;1px|||||&#8221; hover_enabled=&#8221;0&#8243; global_colors_info=&#8221;{}&#8221; sticky_enabled=&#8221;0&#8243;][et_pb_row _builder_version=&#8221;4.16&#8243; _module_preset=&#8221;default&#8221; global_colors_info=&#8221;{}&#8221;][et_pb_column type=&#8221;4_4&#8243; _builder_version=&#8221;4.16&#8243; _module_preset=&#8221;default&#8221; global_colors_info=&#8221;{}&#8221;][et_pb_text _builder_version=&#8221;4.16&#8243; _module_preset=&#8221;default&#8221; header_font=&#8221;|700|||||||&#8221; header_text_color=&#8221;#F0CF12&#8243; header_font_size=&#8221;40px&#8221; header_letter_spacing=&#8221;11px&#8221; header_line_height=&#8221;2em&#8221; transform_translate=&#8221;-60px|282px&#8221; min_height=&#8221;120px&#8221; custom_margin=&#8221;0px||||false|false&#8221; custom_padding=&#8221;13px||||false|false&#8221; global_colors_info=&#8221;{}&#8221;]<\/p>\n<h1>Reformas Integrales<\/h1>\n<p>[\/et_pb_text][\/et_pb_column][\/et_pb_row][\/et_pb_section][et_pb_section fb_built=&#8221;1&#8243; _builder_version=&#8221;4.23.1&#8243; _module_preset=&#8221;default&#8221; hover_enabled=&#8221;0&#8243; global_colors_info=&#8221;{}&#8221; background_color=&#8221;rgba(0,0,0,0.06)&#8221; sticky_enabled=&#8221;0&#8243;][et_pb_row _builder_version=&#8221;4.16&#8243; _module_preset=&#8221;default&#8221; custom_padding=&#8221;1px|||||&#8221; global_colors_info=&#8221;{}&#8221;][et_pb_column type=&#8221;4_4&#8243; _builder_version=&#8221;4.16&#8243; _module_preset=&#8221;default&#8221; global_colors_info=&#8221;{}&#8221;][et_pb_text _builder_version=&#8221;4.16&#8243; _module_preset=&#8221;default&#8221; header_4_text_align=&#8221;justify&#8221; header_4_font_size=&#8221;20px&#8221; header_4_letter_spacing=&#8221;2px&#8221; header_4_line_height=&#8221;2.4em&#8221; custom_padding=&#8221;|20px||20px|false|true&#8221; global_colors_info=&#8221;{}&#8221;]<\/p>\n<header id=\"masthead\" class=\"site-header alignfull\">\n<div class=\"site-header-wrapper\">\n<nav id=\"site-navigation\" class=\"main-navigation\" aria-label=\"Navegaci\u00f3n principal\">\n<div class=\"menu-portada-container\">\n<ul id=\"menu-portada-1\" class=\"main-menu\" aria-label=\"submenu\"><\/ul>\n<\/div>\n<\/nav>\n<\/div>\n<\/header>\n<div id=\"content\" class=\"site-content\">\n<section id=\"primary\" class=\"content-area\"><main id=\"main\" class=\"site-main\"><\/p>\n<article id=\"post-55\" class=\"post-55 post type-post status-publish format-standard hentry category-sin-categoria entry\">\n<header class=\"entry-header responsive-max-width\">\n<h4 class=\"entry-meta\"><strong>Proyectos y Reformas BETNER <\/strong>es una empresa joven con\u00a0<strong>experiencia<\/strong>\u00a0y con gran\u00a0<strong>profesionalidad<\/strong>\u00a0en\u00a0<strong>reformas integrales.<\/strong>\u00a0Trabajamos en obras y reformas en la Comunidad de Madrid. Calidad de trabajo con\u00a0<strong>materiales de primera<\/strong>\u00a0y\u00a0<strong>presupuestos a su medida<\/strong>\u00a0sin ning\u00fan tipo de compromiso. Servicio de reformas de interiores para sus obras y proyectos de construcci\u00f3n, pisos, viviendas, oficinas, cocinas y Ba\u00f1os. Somos los mejores profesionales para\u00a0<strong>reformar su casa<\/strong>, hogar o local. Garantizamos las obras, construcciones o reformas que desarrollemos.<\/h4>\n<\/header>\n<\/article>\n<p>&nbsp;<\/p>\n<p><\/main><\/section>\n<\/div>\n<p>[\/et_pb_text][et_pb_text _builder_version=&#8221;4.16&#8243; _module_preset=&#8221;default&#8221; header_4_text_align=&#8221;justify&#8221; header_4_font_size=&#8221;20px&#8221; header_4_letter_spacing=&#8221;2px&#8221; header_4_line_height=&#8221;2.4em&#8221; custom_padding=&#8221;|20px||20px|false|true&#8221; global_colors_info=&#8221;{}&#8221;]<\/p>\n<h4><strong>Dise\u00f1amos o reformamos su local comercial<\/strong>\u00a0u\u00a0<strong>oficina<\/strong>\u00a0de acuerdo con la imagen corporativa que quiera dar, y con su clientela potencial siempre en mente. Las caracter\u00edsticas de cada negocio son \u00fanicos y deben reflejarse en su local. Proporcionamos todos los servicios necesarios para\u00a0<strong>habilitar locales<\/strong>\u00a0a\u00fan en de obra para que pueda poner en marcha su negocio lo antes posible. No dude en consultarnos y le asesoraremos.<\/h4>\n<h4>Tenemos\u00a0<strong>arquitectos t\u00e9cnicos, aparejadores, interioristas o decoradores<\/strong>, adem\u00e1s de los mejores\u00a0<strong>alba\u00f1iles<\/strong>,\u00a0<strong>pintores<\/strong>\u00a0y\u00a0<strong>operarios t\u00e9cnicos<\/strong>\u00a0de todos los gremios de la reforma y la construcci\u00f3n.<\/h4>\n<h4>Nuestro equipo est\u00e1 compuesto por\u00a0<strong>profesionales con amplia experiencia en el sector<\/strong>. Ya son muchas las personas que nos avalan por un trabajo bien hecho, cuidando los detalles con acabados perfectos.<\/h4>\n<h4>Si busca un trabajo de calidad,\u00a0<strong>Proyectos y Reformas BETNER<span>\u00a0<\/span><\/strong>es la empresa que necesita para su proyecto.<\/h4>\n<p>[\/et_pb_text][\/et_pb_column][\/et_pb_row][\/et_pb_section]<\/p>\n","protected":false},"excerpt":{"rendered":"<p>Reformas Integrales Proyectos y Reformas BETNER es una empresa joven con\u00a0experiencia\u00a0y con gran\u00a0profesionalidad\u00a0en\u00a0reformas integrales.\u00a0Trabajamos en obras y reformas en la Comunidad de Madrid. Calidad de trabajo con\u00a0materiales de primera\u00a0y\u00a0presupuestos a su medida\u00a0sin ning\u00fan tipo de compromiso. Servicio de reformas de interiores para sus obras y proyectos de construcci\u00f3n, pisos, viviendas, oficinas, cocinas y Ba\u00f1os. Somos [&hellip;]<\/p>\n","protected":false},"author":1,"featured_media":0,"parent":0,"menu_order":0,"comment_status":"closed","ping_status":"closed","template":"","meta":{"_et_pb_use_builder":"on","_et_pb_old_content":"<!-- wp:divi\/placeholder \/-->","_et_gb_content_width":"","footnotes":""},"_links":{"self":[{"href":"https:\/\/formato.drimdesign.es\/index.php\/wp-json\/wp\/v2\/pages\/141"}],"collection":[{"href":"https:\/\/formato.drimdesign.es\/index.php\/wp-json\/wp\/v2\/pages"}],"about":[{"href":"https:\/\/formato.drimdesign.es\/index.php\/wp-json\/wp\/v2\/types\/page"}],"author":[{"embeddable":true,"href":"https:\/\/formato.drimdesign.es\/index.php\/wp-json\/wp\/v2\/users\/1"}],"replies":[{"embeddable":true,"href":"https:\/\/formato.drimdesign.es\/index.php\/wp-json\/wp\/v2\/comments?post=141"}],"version-history":[{"count":7,"href":"https:\/\/formato.drimdesign.es\/index.php\/wp-json\/wp\/v2\/pages\/141\/revisions"}],"predecessor-version":[{"id":176,"href":"https:\/\/formato.drimdesign.es\/index.php\/wp-json\/wp\/v2\/pages\/141\/revisions\/176"}],"wp:attachment":[{"href":"https:\/\/formato.drimdesign.es\/index.php\/wp-json\/wp\/v2\/media?parent=141"}],"curies":[{"name":"wp","href":"https:\/\/api.w.org\/{rel}","templated":true}]}}